{"id":9,"date":"2019-12-17T22:27:03","date_gmt":"2019-12-17T21:27:03","guid":{"rendered":"http:\/\/hosaja.pl\/?page_id=9"},"modified":"2019-12-26T20:01:19","modified_gmt":"2019-12-26T19:01:19","slug":"o-firmie","status":"publish","type":"page","link":"https:\/\/hosaja.pl\/index.php\/o-firmie\/","title":{"rendered":"O Firmie"},"content":{"rendered":"\t\t<div data-elementor-type=\"wp-page\" data-elementor-id=\"9\" class=\"elementor elementor-9\">\n\t\t\t\t\t\t<section class=\"elementor-section elementor-top-section elementor-element elementor-element-4d7bd713 elementor-section-boxed elementor-section-height-default elementor-section-height-default\" data-id=\"4d7bd713\" data-element_type=\"section\" data-e-type=\"section\">\n\t\t\t\t\t\t<div class=\"elementor-container elementor-column-gap-default\">\n\t\t\t\t\t<div class=\"elementor-column elementor-col-100 elementor-top-column elementor-element elementor-element-5a8d5767\" data-id=\"5a8d5767\" data-element_type=\"column\" data-e-type=\"column\">\n\t\t\t<div class=\"elementor-widget-wrap elementor-element-populated\">\n\t\t\t\t\t\t<div class=\"elementor-element elementor-element-7e98c66e elementor-widget elementor-widget-text-editor\" data-id=\"7e98c66e\" data-element_type=\"widget\" data-e-type=\"widget\" data-widget_type=\"text-editor.default\">\n\t\t\t\t<div class=\"elementor-widget-container\">\n\t\t\t\t\t\t\t\t\t\n<h4>O nas<\/h4>\n<p>Biuro Rachunkowe w Tarnowie powsta\u0142o w 1994 roku. Obecnie zatrudniamy grono wykwalifikowanych pracownik\u00f3w, kt\u00f3rzy s\u0142u\u017c\u0105 pomoc\u0105 w rozwi\u0105zywaniu Pa\u0144stwa problem\u00f3w podatkowych, ksi\u0119gowych i kadrowych.<\/p>\n<p><span style=\"font-size: 1em;\">Jeste\u015bmy uprawnieni do \u015bwiadczenia us\u0142ug rachunkowych na podstawie \u015awiadectwa Kwalifikacyjnego nr 5134\/97 wydanego przez Ministra Finans\u00f3w RP. \u015awiadectwo potwierdza spe\u0142nienia wymog\u00f3w kwalifikacyjnych okre\u015blonych dla os\u00f3b prowadz\u0105cych us\u0142ugowo ksi\u0119gi rachunkowe.<\/span><\/p>\n<p><span style=\"font-size: 1em;\">Posiadamy te\u017c uprawnienia do \u015bwiadczenia us\u0142ug doradztwa podatkowego na podstawie wpisu na list\u0119 doradc\u00f3w podatkowych nr 07855\u00a0<\/span><span style=\"font-size: 1em;\">Decyzji Krajowej Rady Doradc\u00f3w Podatkowych wyra\u017conej w Uchwale z dnia 28 pa\u017adziernika 1998 r.<\/span><\/p>\n<h4><span style=\"font-size: 1em;\">Dlaczego my?<\/span><\/h4>\n<p><span style=\"font-size: 1em;\">Prowadzimy\u00a0<\/span><span style=\"font-size: 1em;\">ksi\u0119gowo\u015b\u0107 zgodnie z Ustaw\u0105 o rachunkowo\u015bci z dnia 29 wrzesie\u0144 1994 roku (Dz.<\/span><span style=\"font-size: 1em;\">U. nr 121 poz. 591 z p\u00f3\u017aniejszymi zmianami). <\/span><span style=\"font-size: 1em;\">Wsp\u00f3\u0142pracujemy z ma\u0142ymi i \u015brednimi firmami funkcjonuj\u0105cymi w r\u00f3\u017cnych formach prawnych &#8211; od dzia\u0142alno\u015bci jednooosobowych, poprzez sp\u00f3\u0142ki cywilne oraz sp\u00f3\u0142ki prawa handlowego. Przez ponad dwudziestopi\u0119cioletni okres\u00a0dzia\u0142alno\u015bci zdobyli\u015bmy zaufanie klient\u00f3w dzia\u0142aj\u0105cych w wielu bran\u017cach.\u00a0<\/span><span style=\"font-size: 1em;\">Zmienia\u0142y si\u0119 przepisy, interpretacje, okoliczno\u015bci, a my przez ca\u0142y czas opieramy si\u0119 na sta\u0142ych warto\u015bciach tj. wnikliwo\u015b\u0107, dok\u0142adno\u015b\u0107 i wsparcie.<\/span><\/p>\n<h4><span style=\"font-size: 1em;\">Lubimy ksi\u0119gowo\u015b\u0107!<\/span><\/h4>\n<p>Ksi\u0119gowo\u015b\u0107 jest pasjonuj\u0105ca. My j\u0105 lubimy. Nasi klienci nie musz\u0105. Wiemy, \u017ce dla wi\u0119kszo\u015bci jest to trudne, usypiaj\u0105ce, nudne, a czasem przera\u017caj\u0105ce&#8230; Naszym celem jest zapewnienie Klientom optymalnego komfortu. Otaczamy ich opiek\u0105 i wyja\u015bnieniami.<\/p>\n<p>Zajmujemy si\u0119 pe\u0142n\u0105 obs\u0142ug\u0105 ksi\u0119gowo-kadrow\u0105, dzi\u0119ki czemu Ty b\u0119dziesz m\u00f3g\u0142 skupi\u0107 si\u0119 nad rozwoju swojego biznesu. Spotkasz si\u0119 u nas ze zrozumieniem. Anga\u017cujemy si\u0119 w 100%, gdy\u017c nasza praca to dla nas du\u017co wi\u0119cej ni\u017c tylko zaw\u00f3d.<\/p>\t\t\t\t\t\t\t\t<\/div>\n\t\t\t\t<\/div>\n\t\t\t\t\t<\/div>\n\t\t<\/div>\n\t\t\t\t\t<\/div>\n\t\t<\/section>\n\t\t\t\t<\/div>\n\t\t","protected":false},"excerpt":{"rendered":"<p>O nas Biuro Rachunkowe w Tarnowie powsta\u0142o w 1994 roku. Obecnie zatrudniamy grono wykwalifikowanych pracownik\u00f3w, kt\u00f3rzy s\u0142u\u017c\u0105 pomoc\u0105 w rozwi\u0105zywaniu Pa\u0144stwa problem\u00f3w podatkowych, ksi\u0119gowych i kadrowych. Jeste\u015bmy uprawnieni do \u015bwiadczenia&hellip;<\/p>\n<div class=\"read-more-wrap\"><a class=\"read-more\" href=\"https:\/\/hosaja.pl\/index.php\/o-firmie\/\">Read More<\/a><\/div>\n","protected":false},"author":1,"featured_media":16,"parent":0,"menu_order":0,"comment_status":"closed","ping_status":"closed","template":"","meta":{"footnotes":""},"class_list":["post-9","page","type-page","status-publish","has-post-thumbnail","hentry"],"yoast_head":"<!-- This site is optimized with the Yoast SEO plugin v27.6 - https:\/\/yoast.com\/product\/yoast-seo-wordpress\/ -->\n<title>O Firmie - Biuro Rachunkowe HOSAJA Pawe\u0142 Hosaja<\/title>\n<meta name=\"robots\" content=\"index, follow, max-snippet:-1, max-image-preview:large, max-video-preview:-1\" \/>\n<link rel=\"canonical\" href=\"http:\/\/hosaja.pl\/index.php\/o-firmie\/\" \/>\n<meta property=\"og:locale\" content=\"pl_PL\" \/>\n<meta property=\"og:type\" content=\"article\" \/>\n<meta property=\"og:title\" content=\"O Firmie - Biuro Rachunkowe HOSAJA Pawe\u0142 Hosaja\" \/>\n<meta property=\"og:description\" content=\"O nas Biuro Rachunkowe w Tarnowie powsta\u0142o w 1994 roku. Obecnie zatrudniamy grono wykwalifikowanych pracownik\u00f3w, kt\u00f3rzy s\u0142u\u017c\u0105 pomoc\u0105 w rozwi\u0105zywaniu Pa\u0144stwa problem\u00f3w podatkowych, ksi\u0119gowych i kadrowych. Jeste\u015bmy uprawnieni do \u015bwiadczenia&hellip;Read More\" \/>\n<meta property=\"og:url\" content=\"http:\/\/hosaja.pl\/index.php\/o-firmie\/\" \/>\n<meta property=\"og:site_name\" content=\"Biuro Rachunkowe HOSAJA Pawe\u0142 Hosaja\" \/>\n<meta property=\"article:modified_time\" content=\"2019-12-26T19:01:19+00:00\" \/>\n<meta property=\"og:image\" content=\"http:\/\/hosaja.pl\/wp-content\/uploads\/2019\/12\/analysis-680572_960_720.jpg\" \/>\n\t<meta property=\"og:image:width\" content=\"960\" \/>\n\t<meta property=\"og:image:height\" content=\"678\" \/>\n\t<meta property=\"og:image:type\" content=\"image\/jpeg\" \/>\n<meta name=\"twitter:card\" content=\"summary_large_image\" \/>\n<meta name=\"twitter:label1\" content=\"Szacowany czas czytania\" \/>\n\t<meta name=\"twitter:data1\" content=\"1 minuta\" \/>\n<script type=\"application\/ld+json\" class=\"yoast-schema-graph\">{\"@context\":\"https:\\\/\\\/schema.org\",\"@graph\":[{\"@type\":\"WebPage\",\"@id\":\"http:\\\/\\\/hosaja.pl\\\/index.php\\\/o-firmie\\\/\",\"url\":\"http:\\\/\\\/hosaja.pl\\\/index.php\\\/o-firmie\\\/\",\"name\":\"O Firmie - Biuro Rachunkowe HOSAJA Pawe\u0142 Hosaja\",\"isPartOf\":{\"@id\":\"https:\\\/\\\/hosaja.pl\\\/#website\"},\"primaryImageOfPage\":{\"@id\":\"http:\\\/\\\/hosaja.pl\\\/index.php\\\/o-firmie\\\/#primaryimage\"},\"image\":{\"@id\":\"http:\\\/\\\/hosaja.pl\\\/index.php\\\/o-firmie\\\/#primaryimage\"},\"thumbnailUrl\":\"https:\\\/\\\/hosaja.pl\\\/wp-content\\\/uploads\\\/2019\\\/12\\\/analysis-680572_960_720.jpg\",\"datePublished\":\"2019-12-17T21:27:03+00:00\",\"dateModified\":\"2019-12-26T19:01:19+00:00\",\"breadcrumb\":{\"@id\":\"http:\\\/\\\/hosaja.pl\\\/index.php\\\/o-firmie\\\/#breadcrumb\"},\"inLanguage\":\"pl-PL\",\"potentialAction\":[{\"@type\":\"ReadAction\",\"target\":[\"http:\\\/\\\/hosaja.pl\\\/index.php\\\/o-firmie\\\/\"]}]},{\"@type\":\"ImageObject\",\"inLanguage\":\"pl-PL\",\"@id\":\"http:\\\/\\\/hosaja.pl\\\/index.php\\\/o-firmie\\\/#primaryimage\",\"url\":\"https:\\\/\\\/hosaja.pl\\\/wp-content\\\/uploads\\\/2019\\\/12\\\/analysis-680572_960_720.jpg\",\"contentUrl\":\"https:\\\/\\\/hosaja.pl\\\/wp-content\\\/uploads\\\/2019\\\/12\\\/analysis-680572_960_720.jpg\",\"width\":960,\"height\":678},{\"@type\":\"BreadcrumbList\",\"@id\":\"http:\\\/\\\/hosaja.pl\\\/index.php\\\/o-firmie\\\/#breadcrumb\",\"itemListElement\":[{\"@type\":\"ListItem\",\"position\":1,\"name\":\"Strona g\u0142\u00f3wna\",\"item\":\"https:\\\/\\\/hosaja.pl\\\/\"},{\"@type\":\"ListItem\",\"position\":2,\"name\":\"O Firmie\"}]},{\"@type\":\"WebSite\",\"@id\":\"https:\\\/\\\/hosaja.pl\\\/#website\",\"url\":\"https:\\\/\\\/hosaja.pl\\\/\",\"name\":\"Biuro Rachunkowe HOSAJA Pawe\u0142 Hosaja\",\"description\":\"\",\"potentialAction\":[{\"@type\":\"SearchAction\",\"target\":{\"@type\":\"EntryPoint\",\"urlTemplate\":\"https:\\\/\\\/hosaja.pl\\\/?s={search_term_string}\"},\"query-input\":{\"@type\":\"PropertyValueSpecification\",\"valueRequired\":true,\"valueName\":\"search_term_string\"}}],\"inLanguage\":\"pl-PL\"}]}<\/script>\n<!-- \/ Yoast SEO plugin. -->","yoast_head_json":{"title":"O Firmie - Biuro Rachunkowe HOSAJA Pawe\u0142 Hosaja","robots":{"index":"index","follow":"follow","max-snippet":"max-snippet:-1","max-image-preview":"max-image-preview:large","max-video-preview":"max-video-preview:-1"},"canonical":"http:\/\/hosaja.pl\/index.php\/o-firmie\/","og_locale":"pl_PL","og_type":"article","og_title":"O Firmie - Biuro Rachunkowe HOSAJA Pawe\u0142 Hosaja","og_description":"O nas Biuro Rachunkowe w Tarnowie powsta\u0142o w 1994 roku. Obecnie zatrudniamy grono wykwalifikowanych pracownik\u00f3w, kt\u00f3rzy s\u0142u\u017c\u0105 pomoc\u0105 w rozwi\u0105zywaniu Pa\u0144stwa problem\u00f3w podatkowych, ksi\u0119gowych i kadrowych. Jeste\u015bmy uprawnieni do \u015bwiadczenia&hellip;Read More","og_url":"http:\/\/hosaja.pl\/index.php\/o-firmie\/","og_site_name":"Biuro Rachunkowe HOSAJA Pawe\u0142 Hosaja","article_modified_time":"2019-12-26T19:01:19+00:00","og_image":[{"width":960,"height":678,"url":"http:\/\/hosaja.pl\/wp-content\/uploads\/2019\/12\/analysis-680572_960_720.jpg","type":"image\/jpeg"}],"twitter_card":"summary_large_image","twitter_misc":{"Szacowany czas czytania":"1 minuta"},"schema":{"@context":"https:\/\/schema.org","@graph":[{"@type":"WebPage","@id":"http:\/\/hosaja.pl\/index.php\/o-firmie\/","url":"http:\/\/hosaja.pl\/index.php\/o-firmie\/","name":"O Firmie - Biuro Rachunkowe HOSAJA Pawe\u0142 Hosaja","isPartOf":{"@id":"https:\/\/hosaja.pl\/#website"},"primaryImageOfPage":{"@id":"http:\/\/hosaja.pl\/index.php\/o-firmie\/#primaryimage"},"image":{"@id":"http:\/\/hosaja.pl\/index.php\/o-firmie\/#primaryimage"},"thumbnailUrl":"https:\/\/hosaja.pl\/wp-content\/uploads\/2019\/12\/analysis-680572_960_720.jpg","datePublished":"2019-12-17T21:27:03+00:00","dateModified":"2019-12-26T19:01:19+00:00","breadcrumb":{"@id":"http:\/\/hosaja.pl\/index.php\/o-firmie\/#breadcrumb"},"inLanguage":"pl-PL","potentialAction":[{"@type":"ReadAction","target":["http:\/\/hosaja.pl\/index.php\/o-firmie\/"]}]},{"@type":"ImageObject","inLanguage":"pl-PL","@id":"http:\/\/hosaja.pl\/index.php\/o-firmie\/#primaryimage","url":"https:\/\/hosaja.pl\/wp-content\/uploads\/2019\/12\/analysis-680572_960_720.jpg","contentUrl":"https:\/\/hosaja.pl\/wp-content\/uploads\/2019\/12\/analysis-680572_960_720.jpg","width":960,"height":678},{"@type":"BreadcrumbList","@id":"http:\/\/hosaja.pl\/index.php\/o-firmie\/#breadcrumb","itemListElement":[{"@type":"ListItem","position":1,"name":"Strona g\u0142\u00f3wna","item":"https:\/\/hosaja.pl\/"},{"@type":"ListItem","position":2,"name":"O Firmie"}]},{"@type":"WebSite","@id":"https:\/\/hosaja.pl\/#website","url":"https:\/\/hosaja.pl\/","name":"Biuro Rachunkowe HOSAJA Pawe\u0142 Hosaja","description":"","potentialAction":[{"@type":"SearchAction","target":{"@type":"EntryPoint","urlTemplate":"https:\/\/hosaja.pl\/?s={search_term_string}"},"query-input":{"@type":"PropertyValueSpecification","valueRequired":true,"valueName":"search_term_string"}}],"inLanguage":"pl-PL"}]}},"_links":{"self":[{"href":"https:\/\/hosaja.pl\/index.php\/wp-json\/wp\/v2\/pages\/9","targetHints":{"allow":["GET"]}}],"collection":[{"href":"https:\/\/hosaja.pl\/index.php\/wp-json\/wp\/v2\/pages"}],"about":[{"href":"https:\/\/hosaja.pl\/index.php\/wp-json\/wp\/v2\/types\/page"}],"author":[{"embeddable":true,"href":"https:\/\/hosaja.pl\/index.php\/wp-json\/wp\/v2\/users\/1"}],"replies":[{"embeddable":true,"href":"https:\/\/hosaja.pl\/index.php\/wp-json\/wp\/v2\/comments?post=9"}],"version-history":[{"count":9,"href":"https:\/\/hosaja.pl\/index.php\/wp-json\/wp\/v2\/pages\/9\/revisions"}],"predecessor-version":[{"id":148,"href":"https:\/\/hosaja.pl\/index.php\/wp-json\/wp\/v2\/pages\/9\/revisions\/148"}],"wp:featuredmedia":[{"embeddable":true,"href":"https:\/\/hosaja.pl\/index.php\/wp-json\/wp\/v2\/media\/16"}],"wp:attachment":[{"href":"https:\/\/hosaja.pl\/index.php\/wp-json\/wp\/v2\/media?parent=9"}],"curies":[{"name":"wp","href":"https:\/\/api.w.org\/{rel}","templated":true}]}}