{"id":46,"date":"2019-12-18T22:36:05","date_gmt":"2019-12-18T21:36:05","guid":{"rendered":"http:\/\/hosaja.pl\/?page_id=46"},"modified":"2019-12-26T22:14:54","modified_gmt":"2019-12-26T21:14:54","slug":"nasze-uslugi","status":"publish","type":"page","link":"https:\/\/hosaja.pl\/index.php\/nasze-uslugi\/","title":{"rendered":"Us\u0142ugi"},"content":{"rendered":"\t\t<div data-elementor-type=\"wp-page\" data-elementor-id=\"46\" class=\"elementor elementor-46\">\n\t\t\t\t\t\t<section class=\"elementor-section elementor-top-section elementor-element elementor-element-16a49df elementor-section-boxed elementor-section-height-default elementor-section-height-default\" data-id=\"16a49df\" data-element_type=\"section\" data-e-type=\"section\">\n\t\t\t\t\t\t<div class=\"elementor-container elementor-column-gap-default\">\n\t\t\t\t\t<div class=\"elementor-column elementor-col-100 elementor-top-column elementor-element elementor-element-71dbbce\" data-id=\"71dbbce\" data-element_type=\"column\" data-e-type=\"column\">\n\t\t\t<div class=\"elementor-widget-wrap elementor-element-populated\">\n\t\t\t\t\t\t<div class=\"elementor-element elementor-element-957a11e elementor-widget elementor-widget-text-editor\" data-id=\"957a11e\" data-element_type=\"widget\" data-e-type=\"widget\" data-widget_type=\"text-editor.default\">\n\t\t\t\t<div class=\"elementor-widget-container\">\n\t\t\t\t\t\t\t\t\t\n<h4>Us\u0142ugi ksi\u0119gowe<\/h4>\n<ul>\n \t<li style=\"list-style-type: none;\">\n<ul>\n \t<li style=\"list-style-type: none;\">\n<ul>\n \t<li>pomoc w rejestracji firmy i wyborze formy prawnej i wyborze opodatkowania;<\/li>\n \t<li>pe\u0142na obs\u0142uga firm rozliczaj\u0105cych si\u0119 z Urz\u0119dem Skarbowy w formie:<\/li>\n<\/ul>\n<\/li>\n<\/ul>\n<ul>\n \t<li style=\"list-style-type: none;\">\n<ul>\n \t<li style=\"list-style-type: none;\">\n<ol type=\"a\">\n \t<li>Ksi\u0105g Handlowych,<\/li>\n \t<li>Podatkowej Ksi\u0119gi Przychod\u00f3w i Rozchod\u00f3w,<\/li>\n \t<li>Rycza\u0142tu ewidencjonowanego;<\/li>\n \t<li>Karty podatkowej.<\/li>\n<\/ol>\n<\/li>\n \t<li>kompleksowa obs\u0142uga rozlicze\u0144 z Zak\u0142adem Ubezpiecze\u0144 Spo\u0142ecznych;<\/li>\n \t<li>prowadzenie spraw kadrowo-p\u0142acowych pracownik\u00f3w;<\/li>\n \t<li>rozliczanie zezna\u0144 podatkowych (PIT).<\/li>\n<\/ul>\n<\/li>\n<\/ul>\n<\/li>\n<\/ul>\n<h4>Doradztwo Podatkowe<\/h4>\n<ul>\n \t<li style=\"list-style-type: none;\">\n<ul>\n \t<li style=\"list-style-type: none;\">\n<ul>\n \t<li>opinie prawne, konsultacje, porady ustne;<\/li>\n \t<li>nadz\u00f3r nad prowadzeniem ksi\u0105g rachunkowych;<\/li>\n \t<li>reprezentowanie Klienta z Urz\u0119dzie Skarbowym i ZUS;<\/li>\n \t<li>pomocy w post\u0119powaniu podatkowym;<\/li>\n \t<li>pomoc w wyprowadzeniu zaleg\u0142o\u015bci podatkowych;<\/li>\n \t<li>kontrola rozlicze\u0144 podatkowych.<\/li>\n<\/ul>\n<\/li>\n<\/ul>\n<\/li>\n<\/ul>\n<h4>Us\u0142ugi finansowe<\/h4>\n<ul>\n \t<li style=\"list-style-type: none;\">\n<ul>\n \t<li style=\"list-style-type: none;\">\n<ul>\n \t<li>doradztwo w zakresie \u017ar\u00f3de\u0142 pozyskiwania kapita\u0142u (np. leasing);<\/li>\n \t<li>przygotowanie wniosk\u00f3w kredytowych oraz dokument\u00f3w dodatkowych;<\/li>\n \t<li>analizy finansowo-ksi\u0119gowe (bilans, rachunek zysk\u00f3w i strat, rachunek przep\u0142yw\u00f3w pieni\u0119\u017cnych).<\/li>\n<\/ul>\n<\/li>\n<\/ul>\n<\/li>\n<\/ul>\n<h4>Siedziba Twojej firmy<\/h4>\n<ul>\n \t<li style=\"list-style-type: none;\">\n<ul>\n \t<li style=\"list-style-type: none;\">\n<ul>\n \t<li>nie musisz wynajmowa\u0107 lokalu w obrocie gospodarczym;<\/li>\n \t<li>nie musisz podawa\u0107 swojego adresu zamieszkania;<\/li>\n \t<li>oferujemy pod naszym adresem prawn\u0105 siedzib\u0119 dla Twojej Firmy;<\/li>\n \t<li>odbieramy korespondencj\u0119.<\/li>\n<\/ul>\n<\/li>\n<\/ul>\n<\/li>\n<\/ul>\n<h4>Obs\u0142uga kontroli skarbowych i ZUS<\/h4>\n<ul>\n \t<li style=\"list-style-type: none;\">\n<ul>\n \t<li style=\"list-style-type: none;\">\n<ul>\n \t<li>kontrola prowadzone przez Urz\u0105d Skarbowy, UKS lub ZUS odbywa si\u0119 w naszej siedzibie;<\/li>\n \t<li>nam mo\u017cesz zleci\u0107 jej pe\u0142n\u0105 obs\u0142ug\u0119;<\/li>\n \t<li>us\u0142uga jest bezp\u0142atna dla klient\u00f3w, korzystaj\u0105cych z naszej sta\u0142ej obs\u0142ugi ksi\u0119gowej.<\/li>\n<\/ul>\n<\/li>\n<\/ul>\n<\/li>\n<\/ul>\n<h4>Rozliczanie projekt\u00f3w unijnych<\/h4>\n<ul>\n \t<li style=\"list-style-type: none;\">\n<ul>\n \t<li style=\"list-style-type: none;\">\n<ul>\n \t<li>sporz\u0105dzanie wniosk\u00f3w o p\u0142atno\u015b\u0107;<\/li>\n \t<li>przygotowywanie pomocniczych zestawie\u0144 finansowych;<\/li>\n \t<li>przygotowywanie o\u015bwiadcze\u0144, wyja\u015bnie\u0144 i uzupe\u0142nie\u0144 do wniosk\u00f3w do z\u0142o\u017conych wniosk\u00f3w;<\/li>\n \t<li>kontakt z instytucj\u0105 rozliczaj\u0105c\u0105;<\/li>\n \t<li>prowadzenie wszelkiej niezb\u0119dnej korespondencji i uzyskiwanie wymaganych za\u015bwiadcze\u0144;<\/li>\n \t<li>w przypadku konieczno\u015bci dokonania zmian w projektach, wsparcie przy wprowadzaniu zmian w harmonogramach rzeczowo-finansowych;<\/li>\n \t<li>monitorowanie rozlicze\u0144 prowadzonych projekt\u00f3w.<\/li>\n<\/ul>\n<\/li>\n<\/ul>\n<\/li>\n<\/ul>\n&nbsp;\t\t\t\t\t\t\t\t<\/div>\n\t\t\t\t<\/div>\n\t\t\t\t\t<\/div>\n\t\t<\/div>\n\t\t\t\t\t<\/div>\n\t\t<\/section>\n\t\t\t\t<\/div>\n\t\t","protected":false},"excerpt":{"rendered":"<p>Us\u0142ugi ksi\u0119gowe pomoc w rejestracji firmy i wyborze formy prawnej i wyborze opodatkowania; pe\u0142na obs\u0142uga firm rozliczaj\u0105cych si\u0119 z Urz\u0119dem Skarbowy w formie: Ksi\u0105g Handlowych, Podatkowej Ksi\u0119gi Przychod\u00f3w i Rozchod\u00f3w,&hellip;<\/p>\n<div class=\"read-more-wrap\"><a class=\"read-more\" href=\"https:\/\/hosaja.pl\/index.php\/nasze-uslugi\/\">Read More<\/a><\/div>\n","protected":false},"author":1,"featured_media":0,"parent":0,"menu_order":0,"comment_status":"closed","ping_status":"closed","template":"","meta":{"footnotes":""},"class_list":["post-46","page","type-page","status-publish","hentry"],"yoast_head":"<!-- This site is optimized with the Yoast SEO plugin v27.6 - https:\/\/yoast.com\/product\/yoast-seo-wordpress\/ -->\n<title>Us\u0142ugi - Biuro Rachunkowe HOSAJA Pawe\u0142 Hosaja<\/title>\n<meta name=\"robots\" content=\"index, follow, max-snippet:-1, max-image-preview:large, max-video-preview:-1\" \/>\n<link rel=\"canonical\" href=\"https:\/\/hosaja.pl\/index.php\/nasze-uslugi\/\" \/>\n<meta property=\"og:locale\" content=\"pl_PL\" \/>\n<meta property=\"og:type\" content=\"article\" \/>\n<meta property=\"og:title\" content=\"Us\u0142ugi - Biuro Rachunkowe HOSAJA Pawe\u0142 Hosaja\" \/>\n<meta property=\"og:description\" content=\"Us\u0142ugi ksi\u0119gowe pomoc w rejestracji firmy i wyborze formy prawnej i wyborze opodatkowania; pe\u0142na obs\u0142uga firm rozliczaj\u0105cych si\u0119 z Urz\u0119dem Skarbowy w formie: Ksi\u0105g Handlowych, Podatkowej Ksi\u0119gi Przychod\u00f3w i Rozchod\u00f3w,&hellip;Read More\" \/>\n<meta property=\"og:url\" content=\"https:\/\/hosaja.pl\/index.php\/nasze-uslugi\/\" \/>\n<meta property=\"og:site_name\" content=\"Biuro Rachunkowe HOSAJA Pawe\u0142 Hosaja\" \/>\n<meta property=\"article:modified_time\" content=\"2019-12-26T21:14:54+00:00\" \/>\n<meta name=\"twitter:card\" content=\"summary_large_image\" \/>\n<meta name=\"twitter:label1\" content=\"Szacowany czas czytania\" \/>\n\t<meta name=\"twitter:data1\" content=\"1 minuta\" \/>\n<script type=\"application\/ld+json\" class=\"yoast-schema-graph\">{\"@context\":\"https:\\\/\\\/schema.org\",\"@graph\":[{\"@type\":\"WebPage\",\"@id\":\"https:\\\/\\\/hosaja.pl\\\/index.php\\\/nasze-uslugi\\\/\",\"url\":\"https:\\\/\\\/hosaja.pl\\\/index.php\\\/nasze-uslugi\\\/\",\"name\":\"Us\u0142ugi - Biuro Rachunkowe HOSAJA Pawe\u0142 Hosaja\",\"isPartOf\":{\"@id\":\"https:\\\/\\\/hosaja.pl\\\/#website\"},\"datePublished\":\"2019-12-18T21:36:05+00:00\",\"dateModified\":\"2019-12-26T21:14:54+00:00\",\"breadcrumb\":{\"@id\":\"https:\\\/\\\/hosaja.pl\\\/index.php\\\/nasze-uslugi\\\/#breadcrumb\"},\"inLanguage\":\"pl-PL\",\"potentialAction\":[{\"@type\":\"ReadAction\",\"target\":[\"https:\\\/\\\/hosaja.pl\\\/index.php\\\/nasze-uslugi\\\/\"]}]},{\"@type\":\"BreadcrumbList\",\"@id\":\"https:\\\/\\\/hosaja.pl\\\/index.php\\\/nasze-uslugi\\\/#breadcrumb\",\"itemListElement\":[{\"@type\":\"ListItem\",\"position\":1,\"name\":\"Strona g\u0142\u00f3wna\",\"item\":\"https:\\\/\\\/hosaja.pl\\\/\"},{\"@type\":\"ListItem\",\"position\":2,\"name\":\"Us\u0142ugi\"}]},{\"@type\":\"WebSite\",\"@id\":\"https:\\\/\\\/hosaja.pl\\\/#website\",\"url\":\"https:\\\/\\\/hosaja.pl\\\/\",\"name\":\"Biuro Rachunkowe HOSAJA Pawe\u0142 Hosaja\",\"description\":\"\",\"potentialAction\":[{\"@type\":\"SearchAction\",\"target\":{\"@type\":\"EntryPoint\",\"urlTemplate\":\"https:\\\/\\\/hosaja.pl\\\/?s={search_term_string}\"},\"query-input\":{\"@type\":\"PropertyValueSpecification\",\"valueRequired\":true,\"valueName\":\"search_term_string\"}}],\"inLanguage\":\"pl-PL\"}]}<\/script>\n<!-- \/ Yoast SEO plugin. -->","yoast_head_json":{"title":"Us\u0142ugi - Biuro Rachunkowe HOSAJA Pawe\u0142 Hosaja","robots":{"index":"index","follow":"follow","max-snippet":"max-snippet:-1","max-image-preview":"max-image-preview:large","max-video-preview":"max-video-preview:-1"},"canonical":"https:\/\/hosaja.pl\/index.php\/nasze-uslugi\/","og_locale":"pl_PL","og_type":"article","og_title":"Us\u0142ugi - Biuro Rachunkowe HOSAJA Pawe\u0142 Hosaja","og_description":"Us\u0142ugi ksi\u0119gowe pomoc w rejestracji firmy i wyborze formy prawnej i wyborze opodatkowania; pe\u0142na obs\u0142uga firm rozliczaj\u0105cych si\u0119 z Urz\u0119dem Skarbowy w formie: Ksi\u0105g Handlowych, Podatkowej Ksi\u0119gi Przychod\u00f3w i Rozchod\u00f3w,&hellip;Read More","og_url":"https:\/\/hosaja.pl\/index.php\/nasze-uslugi\/","og_site_name":"Biuro Rachunkowe HOSAJA Pawe\u0142 Hosaja","article_modified_time":"2019-12-26T21:14:54+00:00","twitter_card":"summary_large_image","twitter_misc":{"Szacowany czas czytania":"1 minuta"},"schema":{"@context":"https:\/\/schema.org","@graph":[{"@type":"WebPage","@id":"https:\/\/hosaja.pl\/index.php\/nasze-uslugi\/","url":"https:\/\/hosaja.pl\/index.php\/nasze-uslugi\/","name":"Us\u0142ugi - Biuro Rachunkowe HOSAJA Pawe\u0142 Hosaja","isPartOf":{"@id":"https:\/\/hosaja.pl\/#website"},"datePublished":"2019-12-18T21:36:05+00:00","dateModified":"2019-12-26T21:14:54+00:00","breadcrumb":{"@id":"https:\/\/hosaja.pl\/index.php\/nasze-uslugi\/#breadcrumb"},"inLanguage":"pl-PL","potentialAction":[{"@type":"ReadAction","target":["https:\/\/hosaja.pl\/index.php\/nasze-uslugi\/"]}]},{"@type":"BreadcrumbList","@id":"https:\/\/hosaja.pl\/index.php\/nasze-uslugi\/#breadcrumb","itemListElement":[{"@type":"ListItem","position":1,"name":"Strona g\u0142\u00f3wna","item":"https:\/\/hosaja.pl\/"},{"@type":"ListItem","position":2,"name":"Us\u0142ugi"}]},{"@type":"WebSite","@id":"https:\/\/hosaja.pl\/#website","url":"https:\/\/hosaja.pl\/","name":"Biuro Rachunkowe HOSAJA Pawe\u0142 Hosaja","description":"","potentialAction":[{"@type":"SearchAction","target":{"@type":"EntryPoint","urlTemplate":"https:\/\/hosaja.pl\/?s={search_term_string}"},"query-input":{"@type":"PropertyValueSpecification","valueRequired":true,"valueName":"search_term_string"}}],"inLanguage":"pl-PL"}]}},"_links":{"self":[{"href":"https:\/\/hosaja.pl\/index.php\/wp-json\/wp\/v2\/pages\/46","targetHints":{"allow":["GET"]}}],"collection":[{"href":"https:\/\/hosaja.pl\/index.php\/wp-json\/wp\/v2\/pages"}],"about":[{"href":"https:\/\/hosaja.pl\/index.php\/wp-json\/wp\/v2\/types\/page"}],"author":[{"embeddable":true,"href":"https:\/\/hosaja.pl\/index.php\/wp-json\/wp\/v2\/users\/1"}],"replies":[{"embeddable":true,"href":"https:\/\/hosaja.pl\/index.php\/wp-json\/wp\/v2\/comments?post=46"}],"version-history":[{"count":10,"href":"https:\/\/hosaja.pl\/index.php\/wp-json\/wp\/v2\/pages\/46\/revisions"}],"predecessor-version":[{"id":164,"href":"https:\/\/hosaja.pl\/index.php\/wp-json\/wp\/v2\/pages\/46\/revisions\/164"}],"wp:attachment":[{"href":"https:\/\/hosaja.pl\/index.php\/wp-json\/wp\/v2\/media?parent=46"}],"curies":[{"name":"wp","href":"https:\/\/api.w.org\/{rel}","templated":true}]}}