{"id":44,"date":"2019-12-18T22:32:08","date_gmt":"2019-12-18T21:32:08","guid":{"rendered":"http:\/\/hosaja.pl\/?page_id=44"},"modified":"2019-12-19T23:14:20","modified_gmt":"2019-12-19T22:14:20","slug":"polityka-prywatnosci-2","status":"publish","type":"page","link":"https:\/\/hosaja.pl\/index.php\/polityka-prywatnosci-2\/","title":{"rendered":"Polityka cookies"},"content":{"rendered":"<p style=\"line-height: normal; mso-outline-level: 6; margin: 14.75pt 0cm 14.75pt 0cm;\"><b>Niniejsza Polityka dotyczy plik\u00f3w \u201ecookies\u201d i odnosi<br \/>\nsi\u0119 do strony internetowej, kt\u00f3rej operatorem jest Biuro Rachunkowe HOSAJA<br \/>\nPawe\u0142 Hosaja Ujejskiego 5\/1a 33-100 Tarn\u00f3w (zwanej dalej:&nbsp;\u201estron\u0105<br \/>\ninternetow\u0105\u201d).<\/b><\/p>\n<p style=\"line-height: normal; margin: 7.1pt 0cm 7.1pt 0cm;\"><b>II.<br \/>\nPliki cookies<\/b><\/p>\n<p style=\"text-align: justify; line-height: normal; margin: 7.1pt 0cm 7.1pt 0cm;\">Witryna<br \/>\nwww.hosaja.pl u\u017cywa cookies . S\u0105 to niewielkie pliki tekstowe wysy\u0142ane przez<br \/>\nserwer www i &nbsp;przechowywane przez oprogramowanie komputera przegl\u0105darki.<br \/>\nKiedy przegl\u0105darka ponownie po\u0142\u0105czy si\u0119 ze stron\u0105, &nbsp;witryna rozpoznaje<br \/>\nrodzaj urz\u0105dzenia, z kt\u00f3rego \u0142\u0105czy si\u0119 u\u017cytkownik. Parametry pozwalaj\u0105 na<br \/>\nodczytanie informacji w nich zawartych jedynie serwerowi, kt\u00f3ry je utworzy\u0142.<br \/>\nCookies u\u0142atwiaj\u0105 wi\u0119c korzystanie z wcze\u015bniej odwiedzonych witryn. Gromadzone<br \/>\ninformacje dotycz\u0105 adresu IP, typu wykorzystywanej przegl\u0105darki, j\u0119zyka, rodzaju<br \/>\nsystemu operacyjnego, dostawcy us\u0142ug internetowych, informacji o czasie i<br \/>\ndacie, lokalizacji oraz &nbsp;informacji przesy\u0142anych do witryny za<br \/>\npo\u015brednictwem &nbsp;formularza kontaktowego.<\/p>\n<p style=\"line-height: normal; margin: 7.1pt 0cm 7.1pt 0cm;\"><b>III.<br \/>\nZalety plik\u00f3w cookies<\/b><\/p>\n<p style=\"text-align: justify; line-height: normal; margin: 7.1pt 0cm 7.1pt 0cm;\">Pliki<br \/>\ncookie u\u0142atwiaj\u0105 u\u017cytkownikowi korzystanie z&nbsp;wcze\u015bniej odwiedzanych przez<br \/>\nniego witryn. Je\u015bli u\u017cytkownik korzysta z tego samego urz\u0105dzenia i przegl\u0105darki<br \/>\nco wcze\u015bniej, umo\u017cliwia to zapami\u0119tanie jego preferencji, sprawdzenie, w jaki<br \/>\nspos\u00f3b korzysta z naszych witryn oraz wy\u015bwietlanie tre\u015bci bardziej dostosowanych<br \/>\ndo jego zainteresowa\u0144 i potrzeb. \u017badne pliki cookie wykorzystywane w naszych<br \/>\nwitrynach internetowych, nie gromadz\u0105 informacji umo\u017cliwiaj\u0105cych ustalenie<br \/>\nto\u017csamo\u015bci u\u017cytkownika.<\/p>\n<p style=\"line-height: normal; margin: 7.1pt 0cm 7.1pt 0cm;\"><b>IV.<br \/>\nBezpiecze\u0144stwo danych<\/b><\/p>\n<p style=\"text-align: justify; line-height: normal; margin: 7.1pt 0cm 7.1pt 0cm;\">Dane<br \/>\ns\u0105 przechowywane i przetwarzane w spos\u00f3b zgodny z wymogami polskiego prawa.<br \/>\nSzanujemy prywatno\u015b\u0107 naszych u\u017cytkownik\u00f3w, dlatego magazynowane dane s\u0105 poufne<br \/>\ni nie s\u0105 udost\u0119pniane osobom trzecim. Ich zabezpieczenie ma dla nas wysoki<br \/>\npriorytet, dlatego gromadzone s\u0105 na bezpiecznych i chronionych serwerach.Cookies<br \/>\nnie ma dost\u0119pu do danych zawartych na dysku u\u017cytkownika, ani mo\u017cliwo\u015bci<br \/>\nustalenia jego to\u017csamo\u015bci. Nie \u015bledzi tak\u017ce jego aktywno\u015bci, kt\u00f3r\u0105 wykonuj\u0105 po<br \/>\nopuszczeniu naszej witryny.<\/p>\n<p style=\"line-height: normal; margin: 7.1pt 0cm 7.1pt 0cm;\"><b>V.<br \/>\nRodzaje u\u017cywanych plik\u00f3w cookies<\/b><\/p>\n<p style=\"line-height: normal; margin: 7.1pt 0cm 7.1pt 0cm;\">Na<br \/>\nnaszej witrynie wykorzystujemy nast\u0119puj\u0105ce pliki cookies:<\/p>\n<p style=\"line-height: normal; margin: 7.1pt 0cm 7.1pt 0cm;\">a)<br \/>\n&#8222;niezb\u0119dne&#8221; pliki cookies, umo\u017cliwiaj\u0105ce korzystanie z us\u0142ug<br \/>\ndost\u0119pnych w ramach Serwisu, np. uwierzytelniaj\u0105ce pliki cookies wykorzystywane<br \/>\ndo us\u0142ug wymagaj\u0105cych uwierzytelniania w ramach Serwisu;<\/p>\n<p style=\"line-height: normal; margin: 7.1pt 0cm 7.1pt 0cm;\">b)<br \/>\npliki cookies s\u0142u\u017c\u0105ce do zapewnienia bezpiecze\u0144stwa, np. wykorzystywane do<br \/>\nwykrywania nadu\u017cy\u0107 w zakresie uwierzytelniania w ramach Serwisu;<\/p>\n<p style=\"line-height: normal; margin: 7.1pt 0cm 7.1pt 0cm;\">c)<br \/>\n&#8222;wydajno\u015bciowe&#8221; pliki cookies, umo\u017cliwiaj\u0105ce zbieranie informacji o<br \/>\nsposobie korzystania ze stron internetowych Serwisu;<\/p>\n<p style=\"line-height: normal; margin: 7.1pt 0cm 7.1pt 0cm;\">d)<br \/>\n&#8222;funkcjonalne&#8221; pliki cookies, umo\u017cliwiaj\u0105ce \u201ezapami\u0119tanie\u201d wybranych<br \/>\nprzez U\u017cytkownika ustawie\u0144 i personalizacj\u0119 interfejsu U\u017cytkownika, np. w<br \/>\nzakresie wybranego j\u0119zyka lub regionu, z kt\u00f3rego pochodzi U\u017cytkownik, rozmiaru<br \/>\nczcionki, wygl\u0105du strony internetowej itp.;<\/p>\n<p style=\"line-height: normal; margin: 7.1pt 0cm 7.1pt 0cm;\"><b>VI.<br \/>\nZarz\u0105dzanie plikami cookies<\/b><\/p>\n<p style=\"text-align: justify; line-height: normal; margin: 7.1pt 0cm 7.1pt 0cm;\">U\u017cytkownik<br \/>\nw &nbsp;ka\u017cdej chwili ma mo\u017cliwo\u015b\u0107 wy\u0142\u0105czenia lub przywr\u00f3cenia opcji<br \/>\ngromadzenia cookies poprzez zmian\u0119 ustawie\u0144 w przegl\u0105darce internetowej.<br \/>\nInstrukcja zarz\u0105dzania plikami cookies jest dost\u0119pna na stronie http:\/\/www.allaboutcookies.org\/manage-cookies\/<br \/>\n.&nbsp;Dodatkowe dane osobowe, jak adres e-mail, zbierane s\u0105 jedynie w<br \/>\nmiejscach, w kt\u00f3rych u\u017cytkownik wype\u0142niaj\u0105c formularz wyra\u017anie wyrazi\u0142 na to<br \/>\nzgod\u0119. Powy\u017csze dane zachowujemy i wykorzystujemy tylko &nbsp;do potrzeb niezb\u0119dnych<br \/>\ndo wykonania danej funkcji.<\/p>\n<p style=\"line-height: normal; margin: 7.1pt 0cm 7.1pt 0cm;\"><b>VII.<br \/>\nPostanowienia ko\u0144cowe<\/b><\/p>\n<p style=\"text-align: justify; line-height: normal; margin: 7.1pt 0cm 7.1pt 0cm;\">Powy\u017cszy<br \/>\ndokument obowi\u0105zuje jedynie na witrynie www.hosaja.pl. Nie ponosimy<br \/>\nodpowiedzialno\u015bci za zasady zachowania prywatno\u015bci na innych stronach, \u0142\u0105cznie<br \/>\nz witrynami, do kt\u00f3rych kieruj\u0105 odno\u015bniki zawarte na stronie www.hosaja.pl. W<br \/>\nprzypadku korzystania z innych witryn prosimy o zapoznanie si\u0119 z Polityk\u0105<br \/>\nprywatno\u015bci i polityk\u0105 plik\u00f3w cookies, &nbsp;ustalon\u0105 przez przegl\u0105dan\u0105<br \/>\nwitryn\u0119.&nbsp;Zastrzegamy sobie prawo do wprowadzania zmian w Polityce Prywatno\u015bci<br \/>\nprzez odpowiedni\u0105 modyfikacj\u0119 do powy\u017cszego zapisu. Wszelkie zmiany nie b\u0119d\u0105<br \/>\njednak narusza\u0142y podstawowej zasady bezpiecze\u0144stwa i ochrony danych<br \/>\nu\u017cytkownik\u00f3w.<\/p>\n<p style=\"line-height: normal; margin: 7.1pt 0cm 7.1pt 0cm;\"><b>VIII.<br \/>\nMo\u017cliwo\u015bci okre\u015blenia warunk\u00f3w przechowywania lub uzyskiwania dost\u0119pu przez<br \/>\nCookies<\/b><\/p>\n<p style=\"text-align: justify; line-height: normal; margin: 7.1pt 0cm 7.1pt 0cm;\"><b>1.&nbsp;<\/b>U\u017cytkownik<br \/>\nmo\u017ce samodzielnie i w ka\u017cdym czasie zmieni\u0107 ustawienia dotycz\u0105ce plik\u00f3w<br \/>\nCookies, okre\u015blaj\u0105c warunki ich przechowywania i uzyskiwania dost\u0119pu przez<br \/>\npliki Cookies do Urz\u0105dzenia U\u017cytkownika. Zmiany ustawie\u0144, o kt\u00f3rych mowa w<br \/>\nzdaniu poprzednim, U\u017cytkownik mo\u017ce dokona\u0107 za pomoc\u0105 ustawie\u0144 przegl\u0105darki<br \/>\ninternetowej lub za pomoc\u0105 konfiguracji us\u0142ugi. Ustawienia te mog\u0105 zosta\u0107<br \/>\nzmienione w szczeg\u00f3lno\u015bci w taki spos\u00f3b, aby blokowa\u0107 automatyczn\u0105 obs\u0142ug\u0119<br \/>\nplik\u00f3w cookies w ustawieniach przegl\u0105darki internetowej b\u0105d\u017a informowa\u0107 o ich<br \/>\nka\u017cdorazowym zamieszczeniu Cookies na urz\u0105dzeniu U\u017cytkownika. Szczeg\u00f3\u0142owe<br \/>\ninformacje o mo\u017cliwo\u015bci i sposobach obs\u0142ugi plik\u00f3w cookies dost\u0119pne s\u0105 w<br \/>\nustawieniach oprogramowania (przegl\u0105darki internetowej).<br \/>\n<b>2.<\/b>&nbsp;U\u017cytkownik mo\u017ce w ka\u017cdej chwili usun\u0105\u0107 pliki Cookies korzystaj\u0105c<br \/>\nz dost\u0119pnych funkcji w przegl\u0105darce internetowej, kt\u00f3rej u\u017cywa.<br \/>\n<b>3.&nbsp;<\/b>Ograniczenie stosowania plik\u00f3w Cookies, mo\u017ce wp\u0142yn\u0105\u0107 na niekt\u00f3re<br \/>\nfunkcjonalno\u015bci dost\u0119pne na stronie internetowej Serwisu.<\/p>\n<p style=\"text-align: justify; line-height: normal; margin: 7.1pt 0cm 7.1pt 0cm;\"><b>Przyk\u0142adowe sposoby konfiguracji plik\u00f3w \u201ecookies\u201d w<br \/>\nnajpopularniejszych przegl\u0105darkach:<\/b><\/p>\n<p style=\"text-indent: -18.0pt; line-height: normal; mso-list: l0 level1 lfo1; tab-stops: list 36.0pt; margin: 0cm 0cm .0001pt 24.0pt;\"><!-- [if !supportLists]-->\u00b7<br \/>\n<!--[endif]-->Firefox &gt;&gt;<br \/>\nhttp:\/\/support.mozilla.org\/pl\/kb\/ciasteczka#w_ustawienia-ciasteczek<\/p>\n<p style=\"text-indent: -18.0pt; line-height: normal; mso-list: l0 level1 lfo1; tab-stops: list 36.0pt; margin: 0cm 0cm .0001pt 24.0pt;\"><!-- [if !supportLists]-->\u00b7<br \/>\n<!--[endif]-->Interent Explorer &gt;&gt;<br \/>\nhttp:\/\/support.microsoft.com\/kb\/278835\/pl<\/p>\n<p style=\"text-indent: -18.0pt; line-height: normal; mso-list: l0 level1 lfo1; tab-stops: list 36.0pt; margin: 0cm 0cm .0001pt 24.0pt;\"><!-- [if !supportLists]-->\u00b7<br \/>\n<!--[endif]-->Chrome &gt;&gt;&nbsp;&nbsp; http:\/\/support.google.com\/chrome\/bin\/answer.py?hl=pl&amp;answer=95647<\/p>\n<p style=\"text-indent: -18.0pt; line-height: normal; mso-list: l0 level1 lfo1; tab-stops: list 36.0pt; margin: 0cm 0cm .0001pt 24.0pt;\"><!-- [if !supportLists]-->\u00b7<br \/>\n<!--[endif]-->Safari &gt;&gt;<br \/>\nhttp:\/\/safari.helpmax.net\/pl\/oszczedzanie-czasu\/blokowanie-zawartosci<\/p>\n","protected":false},"excerpt":{"rendered":"<p>Niniejsza Polityka dotyczy plik\u00f3w \u201ecookies\u201d i odnosi si\u0119 do strony internetowej, kt\u00f3rej operatorem jest Biuro Rachunkowe HOSAJA Pawe\u0142 Hosaja Ujejskiego 5\/1a 33-100 Tarn\u00f3w (zwanej dalej:&nbsp;\u201estron\u0105 internetow\u0105\u201d). II. Pliki cookies Witryna&hellip;<\/p>\n<div class=\"read-more-wrap\"><a class=\"read-more\" href=\"https:\/\/hosaja.pl\/index.php\/polityka-prywatnosci-2\/\">Read More<\/a><\/div>\n","protected":false},"author":1,"featured_media":0,"parent":0,"menu_order":0,"comment_status":"closed","ping_status":"closed","template":"","meta":{"footnotes":""},"class_list":["post-44","page","type-page","status-publish","hentry"],"yoast_head":"<!-- This site is optimized with the Yoast SEO plugin v27.6 - https:\/\/yoast.com\/product\/yoast-seo-wordpress\/ -->\n<title>Polityka cookies - Biuro Rachunkowe HOSAJA Pawe\u0142 Hosaja<\/title>\n<meta name=\"robots\" content=\"index, follow, max-snippet:-1, max-image-preview:large, max-video-preview:-1\" \/>\n<link rel=\"canonical\" href=\"https:\/\/hosaja.pl\/index.php\/polityka-prywatnosci-2\/\" \/>\n<meta property=\"og:locale\" content=\"pl_PL\" \/>\n<meta property=\"og:type\" content=\"article\" \/>\n<meta property=\"og:title\" content=\"Polityka cookies - Biuro Rachunkowe HOSAJA Pawe\u0142 Hosaja\" \/>\n<meta property=\"og:description\" content=\"Niniejsza Polityka dotyczy plik\u00f3w \u201ecookies\u201d i odnosi si\u0119 do strony internetowej, kt\u00f3rej operatorem jest Biuro Rachunkowe HOSAJA Pawe\u0142 Hosaja Ujejskiego 5\/1a 33-100 Tarn\u00f3w (zwanej dalej:&nbsp;\u201estron\u0105 internetow\u0105\u201d). II. Pliki cookies Witryna&hellip;Read More\" \/>\n<meta property=\"og:url\" content=\"https:\/\/hosaja.pl\/index.php\/polityka-prywatnosci-2\/\" \/>\n<meta property=\"og:site_name\" content=\"Biuro Rachunkowe HOSAJA Pawe\u0142 Hosaja\" \/>\n<meta property=\"article:modified_time\" content=\"2019-12-19T22:14:20+00:00\" \/>\n<meta name=\"twitter:card\" content=\"summary_large_image\" \/>\n<meta name=\"twitter:label1\" content=\"Szacowany czas czytania\" \/>\n\t<meta name=\"twitter:data1\" content=\"4 minuty\" \/>\n<script type=\"application\/ld+json\" class=\"yoast-schema-graph\">{\"@context\":\"https:\\\/\\\/schema.org\",\"@graph\":[{\"@type\":\"WebPage\",\"@id\":\"https:\\\/\\\/hosaja.pl\\\/index.php\\\/polityka-prywatnosci-2\\\/\",\"url\":\"https:\\\/\\\/hosaja.pl\\\/index.php\\\/polityka-prywatnosci-2\\\/\",\"name\":\"Polityka cookies - Biuro Rachunkowe HOSAJA Pawe\u0142 Hosaja\",\"isPartOf\":{\"@id\":\"https:\\\/\\\/hosaja.pl\\\/#website\"},\"datePublished\":\"2019-12-18T21:32:08+00:00\",\"dateModified\":\"2019-12-19T22:14:20+00:00\",\"breadcrumb\":{\"@id\":\"https:\\\/\\\/hosaja.pl\\\/index.php\\\/polityka-prywatnosci-2\\\/#breadcrumb\"},\"inLanguage\":\"pl-PL\",\"potentialAction\":[{\"@type\":\"ReadAction\",\"target\":[\"https:\\\/\\\/hosaja.pl\\\/index.php\\\/polityka-prywatnosci-2\\\/\"]}]},{\"@type\":\"BreadcrumbList\",\"@id\":\"https:\\\/\\\/hosaja.pl\\\/index.php\\\/polityka-prywatnosci-2\\\/#breadcrumb\",\"itemListElement\":[{\"@type\":\"ListItem\",\"position\":1,\"name\":\"Strona g\u0142\u00f3wna\",\"item\":\"https:\\\/\\\/hosaja.pl\\\/\"},{\"@type\":\"ListItem\",\"position\":2,\"name\":\"Polityka cookies\"}]},{\"@type\":\"WebSite\",\"@id\":\"https:\\\/\\\/hosaja.pl\\\/#website\",\"url\":\"https:\\\/\\\/hosaja.pl\\\/\",\"name\":\"Biuro Rachunkowe HOSAJA Pawe\u0142 Hosaja\",\"description\":\"\",\"potentialAction\":[{\"@type\":\"SearchAction\",\"target\":{\"@type\":\"EntryPoint\",\"urlTemplate\":\"https:\\\/\\\/hosaja.pl\\\/?s={search_term_string}\"},\"query-input\":{\"@type\":\"PropertyValueSpecification\",\"valueRequired\":true,\"valueName\":\"search_term_string\"}}],\"inLanguage\":\"pl-PL\"}]}<\/script>\n<!-- \/ Yoast SEO plugin. -->","yoast_head_json":{"title":"Polityka cookies - Biuro Rachunkowe HOSAJA Pawe\u0142 Hosaja","robots":{"index":"index","follow":"follow","max-snippet":"max-snippet:-1","max-image-preview":"max-image-preview:large","max-video-preview":"max-video-preview:-1"},"canonical":"https:\/\/hosaja.pl\/index.php\/polityka-prywatnosci-2\/","og_locale":"pl_PL","og_type":"article","og_title":"Polityka cookies - Biuro Rachunkowe HOSAJA Pawe\u0142 Hosaja","og_description":"Niniejsza Polityka dotyczy plik\u00f3w \u201ecookies\u201d i odnosi si\u0119 do strony internetowej, kt\u00f3rej operatorem jest Biuro Rachunkowe HOSAJA Pawe\u0142 Hosaja Ujejskiego 5\/1a 33-100 Tarn\u00f3w (zwanej dalej:&nbsp;\u201estron\u0105 internetow\u0105\u201d). II. Pliki cookies Witryna&hellip;Read More","og_url":"https:\/\/hosaja.pl\/index.php\/polityka-prywatnosci-2\/","og_site_name":"Biuro Rachunkowe HOSAJA Pawe\u0142 Hosaja","article_modified_time":"2019-12-19T22:14:20+00:00","twitter_card":"summary_large_image","twitter_misc":{"Szacowany czas czytania":"4 minuty"},"schema":{"@context":"https:\/\/schema.org","@graph":[{"@type":"WebPage","@id":"https:\/\/hosaja.pl\/index.php\/polityka-prywatnosci-2\/","url":"https:\/\/hosaja.pl\/index.php\/polityka-prywatnosci-2\/","name":"Polityka cookies - Biuro Rachunkowe HOSAJA Pawe\u0142 Hosaja","isPartOf":{"@id":"https:\/\/hosaja.pl\/#website"},"datePublished":"2019-12-18T21:32:08+00:00","dateModified":"2019-12-19T22:14:20+00:00","breadcrumb":{"@id":"https:\/\/hosaja.pl\/index.php\/polityka-prywatnosci-2\/#breadcrumb"},"inLanguage":"pl-PL","potentialAction":[{"@type":"ReadAction","target":["https:\/\/hosaja.pl\/index.php\/polityka-prywatnosci-2\/"]}]},{"@type":"BreadcrumbList","@id":"https:\/\/hosaja.pl\/index.php\/polityka-prywatnosci-2\/#breadcrumb","itemListElement":[{"@type":"ListItem","position":1,"name":"Strona g\u0142\u00f3wna","item":"https:\/\/hosaja.pl\/"},{"@type":"ListItem","position":2,"name":"Polityka cookies"}]},{"@type":"WebSite","@id":"https:\/\/hosaja.pl\/#website","url":"https:\/\/hosaja.pl\/","name":"Biuro Rachunkowe HOSAJA Pawe\u0142 Hosaja","description":"","potentialAction":[{"@type":"SearchAction","target":{"@type":"EntryPoint","urlTemplate":"https:\/\/hosaja.pl\/?s={search_term_string}"},"query-input":{"@type":"PropertyValueSpecification","valueRequired":true,"valueName":"search_term_string"}}],"inLanguage":"pl-PL"}]}},"_links":{"self":[{"href":"https:\/\/hosaja.pl\/index.php\/wp-json\/wp\/v2\/pages\/44","targetHints":{"allow":["GET"]}}],"collection":[{"href":"https:\/\/hosaja.pl\/index.php\/wp-json\/wp\/v2\/pages"}],"about":[{"href":"https:\/\/hosaja.pl\/index.php\/wp-json\/wp\/v2\/types\/page"}],"author":[{"embeddable":true,"href":"https:\/\/hosaja.pl\/index.php\/wp-json\/wp\/v2\/users\/1"}],"replies":[{"embeddable":true,"href":"https:\/\/hosaja.pl\/index.php\/wp-json\/wp\/v2\/comments?post=44"}],"version-history":[{"count":6,"href":"https:\/\/hosaja.pl\/index.php\/wp-json\/wp\/v2\/pages\/44\/revisions"}],"predecessor-version":[{"id":73,"href":"https:\/\/hosaja.pl\/index.php\/wp-json\/wp\/v2\/pages\/44\/revisions\/73"}],"wp:attachment":[{"href":"https:\/\/hosaja.pl\/index.php\/wp-json\/wp\/v2\/media?parent=44"}],"curies":[{"name":"wp","href":"https:\/\/api.w.org\/{rel}","templated":true}]}}