{"id":118,"date":"2019-12-19T22:18:43","date_gmt":"2019-12-19T21:18:43","guid":{"rendered":"http:\/\/hosaja.pl\/?page_id=118"},"modified":"2019-12-26T21:59:21","modified_gmt":"2019-12-26T20:59:21","slug":"bezpieczenstwo","status":"publish","type":"page","link":"https:\/\/hosaja.pl\/index.php\/bezpieczenstwo\/","title":{"rendered":"Bezpiecze\u0144stwo"},"content":{"rendered":"\n<p><strong>Bezpiecze\u0144stwo<\/strong><br>Gwarancj\u0105 bezpiecze\u0144stwa jest do\u015bwiadczenie. Biuro Rachunkowe HOSAJA Pawe\u0142 Hosaja od 1994 \u015bwiadczy us\u0142ugi ksi\u0119gowe dla firm z Tarnowa i terenu wojew\u00f3dztwa ma\u0142opolskiego i podkarpackiego. Pracownicy naszego biura rachunkowego posiadaj\u0105 wieloletnie do\u015bwiadczenie zawodowe w zakresie ksi\u0119gowo\u015bci i doradztwa.\u00a0<\/p>\n\n\n\n<p><strong>Ubezpieczenie OC<\/strong><br>Nasze biuro rachunkowe posiada ubezpieczenie od odpowiedzialno\u015bci cywilnej z pope\u0142nione b\u0142\u0119dy. Warto\u015b\u0107 kwoty ubezpieczenia wynosi co najmniej 10 tys. EURO.<\/p>\n\n\n\n<p><strong>Programy komputerowe<\/strong><br>Stosowane przez nasze biuro rachunkowe programy komputerowe spe\u0142niaj\u0105 wymagania Ministerstwa Finans\u00f3w. Korzystamy z program\u00f3w firm informatycznych Comarch ERP Optima i Buchalter. <\/p>\n","protected":false},"excerpt":{"rendered":"<p>Bezpiecze\u0144stwoGwarancj\u0105 bezpiecze\u0144stwa jest do\u015bwiadczenie. Biuro Rachunkowe HOSAJA Pawe\u0142 Hosaja od 1994 \u015bwiadczy us\u0142ugi ksi\u0119gowe dla firm z Tarnowa i terenu wojew\u00f3dztwa ma\u0142opolskiego i podkarpackiego. Pracownicy naszego biura rachunkowego posiadaj\u0105 wieloletnie&hellip;<\/p>\n<div class=\"read-more-wrap\"><a class=\"read-more\" href=\"https:\/\/hosaja.pl\/index.php\/bezpieczenstwo\/\">Read More<\/a><\/div>\n","protected":false},"author":1,"featured_media":0,"parent":0,"menu_order":0,"comment_status":"closed","ping_status":"closed","template":"","meta":{"footnotes":""},"class_list":["post-118","page","type-page","status-publish","hentry"],"yoast_head":"<!-- This site is optimized with the Yoast SEO plugin v27.6 - https:\/\/yoast.com\/product\/yoast-seo-wordpress\/ -->\n<title>Bezpiecze\u0144stwo - Biuro Rachunkowe HOSAJA Pawe\u0142 Hosaja<\/title>\n<meta name=\"robots\" content=\"index, follow, max-snippet:-1, max-image-preview:large, max-video-preview:-1\" \/>\n<link rel=\"canonical\" href=\"https:\/\/hosaja.pl\/index.php\/bezpieczenstwo\/\" \/>\n<meta property=\"og:locale\" content=\"pl_PL\" \/>\n<meta property=\"og:type\" content=\"article\" \/>\n<meta property=\"og:title\" content=\"Bezpiecze\u0144stwo - Biuro Rachunkowe HOSAJA Pawe\u0142 Hosaja\" \/>\n<meta property=\"og:description\" content=\"Bezpiecze\u0144stwoGwarancj\u0105 bezpiecze\u0144stwa jest do\u015bwiadczenie. Biuro Rachunkowe HOSAJA Pawe\u0142 Hosaja od 1994 \u015bwiadczy us\u0142ugi ksi\u0119gowe dla firm z Tarnowa i terenu wojew\u00f3dztwa ma\u0142opolskiego i podkarpackiego. Pracownicy naszego biura rachunkowego posiadaj\u0105 wieloletnie&hellip;Read More\" \/>\n<meta property=\"og:url\" content=\"https:\/\/hosaja.pl\/index.php\/bezpieczenstwo\/\" \/>\n<meta property=\"og:site_name\" content=\"Biuro Rachunkowe HOSAJA Pawe\u0142 Hosaja\" \/>\n<meta property=\"article:modified_time\" content=\"2019-12-26T20:59:21+00:00\" \/>\n<meta name=\"twitter:card\" content=\"summary_large_image\" \/>\n<script type=\"application\/ld+json\" class=\"yoast-schema-graph\">{\"@context\":\"https:\\\/\\\/schema.org\",\"@graph\":[{\"@type\":\"WebPage\",\"@id\":\"https:\\\/\\\/hosaja.pl\\\/index.php\\\/bezpieczenstwo\\\/\",\"url\":\"https:\\\/\\\/hosaja.pl\\\/index.php\\\/bezpieczenstwo\\\/\",\"name\":\"Bezpiecze\u0144stwo - Biuro Rachunkowe HOSAJA Pawe\u0142 Hosaja\",\"isPartOf\":{\"@id\":\"https:\\\/\\\/hosaja.pl\\\/#website\"},\"datePublished\":\"2019-12-19T21:18:43+00:00\",\"dateModified\":\"2019-12-26T20:59:21+00:00\",\"breadcrumb\":{\"@id\":\"https:\\\/\\\/hosaja.pl\\\/index.php\\\/bezpieczenstwo\\\/#breadcrumb\"},\"inLanguage\":\"pl-PL\",\"potentialAction\":[{\"@type\":\"ReadAction\",\"target\":[\"https:\\\/\\\/hosaja.pl\\\/index.php\\\/bezpieczenstwo\\\/\"]}]},{\"@type\":\"BreadcrumbList\",\"@id\":\"https:\\\/\\\/hosaja.pl\\\/index.php\\\/bezpieczenstwo\\\/#breadcrumb\",\"itemListElement\":[{\"@type\":\"ListItem\",\"position\":1,\"name\":\"Strona g\u0142\u00f3wna\",\"item\":\"https:\\\/\\\/hosaja.pl\\\/\"},{\"@type\":\"ListItem\",\"position\":2,\"name\":\"Bezpiecze\u0144stwo\"}]},{\"@type\":\"WebSite\",\"@id\":\"https:\\\/\\\/hosaja.pl\\\/#website\",\"url\":\"https:\\\/\\\/hosaja.pl\\\/\",\"name\":\"Biuro Rachunkowe HOSAJA Pawe\u0142 Hosaja\",\"description\":\"\",\"potentialAction\":[{\"@type\":\"SearchAction\",\"target\":{\"@type\":\"EntryPoint\",\"urlTemplate\":\"https:\\\/\\\/hosaja.pl\\\/?s={search_term_string}\"},\"query-input\":{\"@type\":\"PropertyValueSpecification\",\"valueRequired\":true,\"valueName\":\"search_term_string\"}}],\"inLanguage\":\"pl-PL\"}]}<\/script>\n<!-- \/ Yoast SEO plugin. -->","yoast_head_json":{"title":"Bezpiecze\u0144stwo - Biuro Rachunkowe HOSAJA Pawe\u0142 Hosaja","robots":{"index":"index","follow":"follow","max-snippet":"max-snippet:-1","max-image-preview":"max-image-preview:large","max-video-preview":"max-video-preview:-1"},"canonical":"https:\/\/hosaja.pl\/index.php\/bezpieczenstwo\/","og_locale":"pl_PL","og_type":"article","og_title":"Bezpiecze\u0144stwo - Biuro Rachunkowe HOSAJA Pawe\u0142 Hosaja","og_description":"Bezpiecze\u0144stwoGwarancj\u0105 bezpiecze\u0144stwa jest do\u015bwiadczenie. Biuro Rachunkowe HOSAJA Pawe\u0142 Hosaja od 1994 \u015bwiadczy us\u0142ugi ksi\u0119gowe dla firm z Tarnowa i terenu wojew\u00f3dztwa ma\u0142opolskiego i podkarpackiego. Pracownicy naszego biura rachunkowego posiadaj\u0105 wieloletnie&hellip;Read More","og_url":"https:\/\/hosaja.pl\/index.php\/bezpieczenstwo\/","og_site_name":"Biuro Rachunkowe HOSAJA Pawe\u0142 Hosaja","article_modified_time":"2019-12-26T20:59:21+00:00","twitter_card":"summary_large_image","schema":{"@context":"https:\/\/schema.org","@graph":[{"@type":"WebPage","@id":"https:\/\/hosaja.pl\/index.php\/bezpieczenstwo\/","url":"https:\/\/hosaja.pl\/index.php\/bezpieczenstwo\/","name":"Bezpiecze\u0144stwo - Biuro Rachunkowe HOSAJA Pawe\u0142 Hosaja","isPartOf":{"@id":"https:\/\/hosaja.pl\/#website"},"datePublished":"2019-12-19T21:18:43+00:00","dateModified":"2019-12-26T20:59:21+00:00","breadcrumb":{"@id":"https:\/\/hosaja.pl\/index.php\/bezpieczenstwo\/#breadcrumb"},"inLanguage":"pl-PL","potentialAction":[{"@type":"ReadAction","target":["https:\/\/hosaja.pl\/index.php\/bezpieczenstwo\/"]}]},{"@type":"BreadcrumbList","@id":"https:\/\/hosaja.pl\/index.php\/bezpieczenstwo\/#breadcrumb","itemListElement":[{"@type":"ListItem","position":1,"name":"Strona g\u0142\u00f3wna","item":"https:\/\/hosaja.pl\/"},{"@type":"ListItem","position":2,"name":"Bezpiecze\u0144stwo"}]},{"@type":"WebSite","@id":"https:\/\/hosaja.pl\/#website","url":"https:\/\/hosaja.pl\/","name":"Biuro Rachunkowe HOSAJA Pawe\u0142 Hosaja","description":"","potentialAction":[{"@type":"SearchAction","target":{"@type":"EntryPoint","urlTemplate":"https:\/\/hosaja.pl\/?s={search_term_string}"},"query-input":{"@type":"PropertyValueSpecification","valueRequired":true,"valueName":"search_term_string"}}],"inLanguage":"pl-PL"}]}},"_links":{"self":[{"href":"https:\/\/hosaja.pl\/index.php\/wp-json\/wp\/v2\/pages\/118","targetHints":{"allow":["GET"]}}],"collection":[{"href":"https:\/\/hosaja.pl\/index.php\/wp-json\/wp\/v2\/pages"}],"about":[{"href":"https:\/\/hosaja.pl\/index.php\/wp-json\/wp\/v2\/types\/page"}],"author":[{"embeddable":true,"href":"https:\/\/hosaja.pl\/index.php\/wp-json\/wp\/v2\/users\/1"}],"replies":[{"embeddable":true,"href":"https:\/\/hosaja.pl\/index.php\/wp-json\/wp\/v2\/comments?post=118"}],"version-history":[{"count":4,"href":"https:\/\/hosaja.pl\/index.php\/wp-json\/wp\/v2\/pages\/118\/revisions"}],"predecessor-version":[{"id":163,"href":"https:\/\/hosaja.pl\/index.php\/wp-json\/wp\/v2\/pages\/118\/revisions\/163"}],"wp:attachment":[{"href":"https:\/\/hosaja.pl\/index.php\/wp-json\/wp\/v2\/media?parent=118"}],"curies":[{"name":"wp","href":"https:\/\/api.w.org\/{rel}","templated":true}]}}