{"id":113,"date":"2019-12-19T22:16:21","date_gmt":"2019-12-19T21:16:21","guid":{"rendered":"http:\/\/hosaja.pl\/?page_id=113"},"modified":"2019-12-26T21:37:41","modified_gmt":"2019-12-26T20:37:41","slug":"klienci","status":"publish","type":"page","link":"https:\/\/hosaja.pl\/index.php\/klienci\/","title":{"rendered":"RODO"},"content":{"rendered":"\n<p> <\/p>\n\n\n\n<p>KLAUZULA INFORMACYJNA<\/p>\n\n\n\n<p>Zgodnie z art. 13 ust.1 i 2 Rozporz\u0105dzeniem Parlamentu Europejskiego i Rady UE 2016\/679 z dnia 27 kwietnia 2016 r. w sprawie ochrony os\u00f3b fizycznych w zwi\u0105zku z przetwarzaniem danych osobowych i w sprawie swobodnego przep\u0142ywu takich danych oraz uchylenia dyrektywy 95\/46\/WE (zwane dalej \u201eRODO\u201d), celem zapewnienia w\u0142a\u015bciwej ochrony danych osobowych uprzejmie informujemy, \u017ce: <\/p>\n\n\n\n<p>1.Administratorem Pa\u0144stwa danych osobowych jest Pawe\u0142 Hosaja, prowadz\u0105cy dzia\u0142alno\u015b\u0107 gospodarcz\u0105 w Tarnowie, przy ul. Ujejskiego 5\/1A, 33-100 Tarn\u00f3w, NIP: 8731000088,<\/p>\n\n\n\n<p>2. Administrator Danych b\u0119dzie przetwarza\u0107 Pa\u0144stwa dane w celu: a) zawarcia i realizacja umowy; b) prowadzenia analiz i statystyk oraz na potrzeby prowadzonej dzia\u0142alno\u015bci; c) prezentacji wizerunku os\u00f3b odwiedzaj\u0105cych obiekty Administratora; d) dochodzenia roszcze\u0144; e) archiwizacji; f) udzielania odpowiedzi na pisma i wnioski; <\/p>\n\n\n\n<p>3.Pa\u0144stwa dane przetwarzane b\u0119d\u0105 na podstawie: a) udzielonej zgody art. 6 ust. 1 lit. a RODO; b) prawid\u0142owej realizacji us\u0142ug (art. 6 ust 1 lit b RODO); c) monitorowania jako\u015bci \u015bwiadczonych us\u0142ug (art. 6 ust 1 lit f RODO); d) wystawienia faktury, rachunku lub prowadzenia sprawozdawczo\u015bci finansowej (art. 6 ust 1 lit c RODO); e) dochodzenia roszcze\u0144 lub obrony interes\u00f3w prawnych Administratora (art. 6 ust 1 lit f RODO); f) wywi\u0105zania si\u0119 przez Administratora z obowi\u0105zk\u00f3w prawnych wynikaj\u0105cych z powszechnie obowi\u0105zuj\u0105cych przepis\u00f3w (art. 6 ust 1 lit c RODO). <\/p>\n\n\n\n<p>4.Pa\u0144stwa dane mog\u0105 by\u0107 przekazywane wy\u0142\u0105cznie nast\u0119puj\u0105cym odbiorcom: a) podmiotom przetwarzaj\u0105cym w zwi\u0105zku ze zleconymi przez Administratora dzia\u0142aniami, wykonywanymi w jego imieniu; b) firmom kurierskim i pocztowym, kt\u00f3re b\u0119d\u0105 dostarcza\u0107 do Pa\u0144stwa przesy\u0142ki; c) kancelariom prawnym, kt\u00f3rym Administrator zleci\u0142 obs\u0142ug\u0119 prawn\u0105; d) podmiotom lub organom uprawnionym na podstawie przepis\u00f3w prawa. <\/p>\n\n\n\n<p>5. Pa\u0144stwa dane nie b\u0119d\u0105 przekazywane do pa\u0144stwa nienale\u017c\u0105cego do Europejskiego Obszaru Gospodarczego. <\/p>\n\n\n\n<p>6. Pa\u0144stwa dane osobowe b\u0119d\u0105 przetwarzane przez czas realizacji umowy, lub do chwili cofni\u0119cia zgody na ich przetwarzanie, zg\u0142oszenia \u017c\u0105dania ich usuni\u0119cia lub innego podobnego \u017c\u0105dania. Dane b\u0119d\u0105 przetwarzane przez czas wymagany przez przepisy prawa, dochodzenia, wykonywania lub obrony roszcze\u0144 prawnych Administratora. Dane osobowe b\u0119d\u0105 przechowywane z zachowaniem niezb\u0119dnych \u015brodk\u00f3w technicznych i organizacyjnych umo\u017cliwiaj\u0105cych odpowiednie ich zabezpieczenie w celu ochrony Pa\u0144stwa praw i wolno\u015bci; <\/p>\n\n\n\n<p>7.W zwi\u0105zku z przetwarzaniem danych osobowych przys\u0142uguj\u0105 Pa\u0144stwu nast\u0119puj\u0105ce prawa: a) prawo dost\u0119pu do tre\u015bci swoich danych (zgodnie z art. 15 RODO) b) prawo do sprostowania danych (zgodnie z art. 16 RODO), c) usuni\u0119cia danych (zgodnie z art. 17 RODO), d) ograniczenia przetwarzania danych (zgodnie z art. 18 RODO), e) prawo do przenoszenia danych (zgodnie z art. 20 RODO), f) prawo wniesienia sprzeciwu (zgodnie z art. 21 RODO), g) prawo do wycofania zgody w dowolnym momencie bez wp\u0142ywu na zgodno\u015b\u0107 z prawem przetwarzania, kt\u00f3rego dokonano na podstawie zgody przed jej cofni\u0119ciem (zgodnie z art. 7 ust. 3 RODO) h) prawo wniesienia skargi do organu nadzorczego (Prezesa Urz\u0119du Ochrony Danych Osobowych) w przypadku uznania, \u017ce przetwarzanie Pa\u0144stwa danych osobowych przez Administratora, narusza przepisy RODO. Je\u017celi Pani\/Pan chce skorzysta\u0107 z przys\u0142uguj\u0105cych praw wymienionych w pkt. 8 w\/w dokumentu, prosimy o kontakt z Inspektorem Ochrony Danych. <\/p>\n\n\n\n<p>8.Podanie przez Pa\u0144stwa danych osobowych jest dobrowolne, jednak\u017ce niepodanie przez Pa\u0144stwa danych uniemo\u017cliwi Administratorowi realizacj\u0119 umowy. <\/p>\n\n\n\n<p>9. Pa\u0144stwa dane nie b\u0119d\u0105 przetwarzane w spos\u00f3b zautomatyzowany w tym r\u00f3wnie\u017c w formie profilowania.  <\/p>\n","protected":false},"excerpt":{"rendered":"<p>KLAUZULA INFORMACYJNA Zgodnie z art. 13 ust.1 i 2 Rozporz\u0105dzeniem Parlamentu Europejskiego i Rady UE 2016\/679 z dnia 27 kwietnia 2016 r. w sprawie ochrony os\u00f3b fizycznych w zwi\u0105zku z&hellip;<\/p>\n<div class=\"read-more-wrap\"><a class=\"read-more\" href=\"https:\/\/hosaja.pl\/index.php\/klienci\/\">Read More<\/a><\/div>\n","protected":false},"author":1,"featured_media":0,"parent":0,"menu_order":0,"comment_status":"closed","ping_status":"closed","template":"","meta":{"footnotes":""},"class_list":["post-113","page","type-page","status-publish","hentry"],"yoast_head":"<!-- This site is optimized with the Yoast SEO plugin v27.6 - https:\/\/yoast.com\/product\/yoast-seo-wordpress\/ -->\n<title>RODO - Biuro Rachunkowe HOSAJA Pawe\u0142 Hosaja<\/title>\n<meta name=\"robots\" content=\"index, follow, max-snippet:-1, max-image-preview:large, max-video-preview:-1\" \/>\n<link rel=\"canonical\" href=\"https:\/\/hosaja.pl\/index.php\/klienci\/\" \/>\n<meta property=\"og:locale\" content=\"pl_PL\" \/>\n<meta property=\"og:type\" content=\"article\" \/>\n<meta property=\"og:title\" content=\"RODO - Biuro Rachunkowe HOSAJA Pawe\u0142 Hosaja\" \/>\n<meta property=\"og:description\" content=\"KLAUZULA INFORMACYJNA Zgodnie z art. 13 ust.1 i 2 Rozporz\u0105dzeniem Parlamentu Europejskiego i Rady UE 2016\/679 z dnia 27 kwietnia 2016 r. w sprawie ochrony os\u00f3b fizycznych w zwi\u0105zku z&hellip;Read More\" \/>\n<meta property=\"og:url\" content=\"https:\/\/hosaja.pl\/index.php\/klienci\/\" \/>\n<meta property=\"og:site_name\" content=\"Biuro Rachunkowe HOSAJA Pawe\u0142 Hosaja\" \/>\n<meta property=\"article:modified_time\" content=\"2019-12-26T20:37:41+00:00\" \/>\n<meta name=\"twitter:card\" content=\"summary_large_image\" \/>\n<meta name=\"twitter:label1\" content=\"Szacowany czas czytania\" \/>\n\t<meta name=\"twitter:data1\" content=\"3 minuty\" \/>\n<script type=\"application\/ld+json\" class=\"yoast-schema-graph\">{\"@context\":\"https:\\\/\\\/schema.org\",\"@graph\":[{\"@type\":\"WebPage\",\"@id\":\"https:\\\/\\\/hosaja.pl\\\/index.php\\\/klienci\\\/\",\"url\":\"https:\\\/\\\/hosaja.pl\\\/index.php\\\/klienci\\\/\",\"name\":\"RODO - Biuro Rachunkowe HOSAJA Pawe\u0142 Hosaja\",\"isPartOf\":{\"@id\":\"https:\\\/\\\/hosaja.pl\\\/#website\"},\"datePublished\":\"2019-12-19T21:16:21+00:00\",\"dateModified\":\"2019-12-26T20:37:41+00:00\",\"breadcrumb\":{\"@id\":\"https:\\\/\\\/hosaja.pl\\\/index.php\\\/klienci\\\/#breadcrumb\"},\"inLanguage\":\"pl-PL\",\"potentialAction\":[{\"@type\":\"ReadAction\",\"target\":[\"https:\\\/\\\/hosaja.pl\\\/index.php\\\/klienci\\\/\"]}]},{\"@type\":\"BreadcrumbList\",\"@id\":\"https:\\\/\\\/hosaja.pl\\\/index.php\\\/klienci\\\/#breadcrumb\",\"itemListElement\":[{\"@type\":\"ListItem\",\"position\":1,\"name\":\"Strona g\u0142\u00f3wna\",\"item\":\"https:\\\/\\\/hosaja.pl\\\/\"},{\"@type\":\"ListItem\",\"position\":2,\"name\":\"RODO\"}]},{\"@type\":\"WebSite\",\"@id\":\"https:\\\/\\\/hosaja.pl\\\/#website\",\"url\":\"https:\\\/\\\/hosaja.pl\\\/\",\"name\":\"Biuro Rachunkowe HOSAJA Pawe\u0142 Hosaja\",\"description\":\"\",\"potentialAction\":[{\"@type\":\"SearchAction\",\"target\":{\"@type\":\"EntryPoint\",\"urlTemplate\":\"https:\\\/\\\/hosaja.pl\\\/?s={search_term_string}\"},\"query-input\":{\"@type\":\"PropertyValueSpecification\",\"valueRequired\":true,\"valueName\":\"search_term_string\"}}],\"inLanguage\":\"pl-PL\"}]}<\/script>\n<!-- \/ Yoast SEO plugin. -->","yoast_head_json":{"title":"RODO - Biuro Rachunkowe HOSAJA Pawe\u0142 Hosaja","robots":{"index":"index","follow":"follow","max-snippet":"max-snippet:-1","max-image-preview":"max-image-preview:large","max-video-preview":"max-video-preview:-1"},"canonical":"https:\/\/hosaja.pl\/index.php\/klienci\/","og_locale":"pl_PL","og_type":"article","og_title":"RODO - Biuro Rachunkowe HOSAJA Pawe\u0142 Hosaja","og_description":"KLAUZULA INFORMACYJNA Zgodnie z art. 13 ust.1 i 2 Rozporz\u0105dzeniem Parlamentu Europejskiego i Rady UE 2016\/679 z dnia 27 kwietnia 2016 r. w sprawie ochrony os\u00f3b fizycznych w zwi\u0105zku z&hellip;Read More","og_url":"https:\/\/hosaja.pl\/index.php\/klienci\/","og_site_name":"Biuro Rachunkowe HOSAJA Pawe\u0142 Hosaja","article_modified_time":"2019-12-26T20:37:41+00:00","twitter_card":"summary_large_image","twitter_misc":{"Szacowany czas czytania":"3 minuty"},"schema":{"@context":"https:\/\/schema.org","@graph":[{"@type":"WebPage","@id":"https:\/\/hosaja.pl\/index.php\/klienci\/","url":"https:\/\/hosaja.pl\/index.php\/klienci\/","name":"RODO - Biuro Rachunkowe HOSAJA Pawe\u0142 Hosaja","isPartOf":{"@id":"https:\/\/hosaja.pl\/#website"},"datePublished":"2019-12-19T21:16:21+00:00","dateModified":"2019-12-26T20:37:41+00:00","breadcrumb":{"@id":"https:\/\/hosaja.pl\/index.php\/klienci\/#breadcrumb"},"inLanguage":"pl-PL","potentialAction":[{"@type":"ReadAction","target":["https:\/\/hosaja.pl\/index.php\/klienci\/"]}]},{"@type":"BreadcrumbList","@id":"https:\/\/hosaja.pl\/index.php\/klienci\/#breadcrumb","itemListElement":[{"@type":"ListItem","position":1,"name":"Strona g\u0142\u00f3wna","item":"https:\/\/hosaja.pl\/"},{"@type":"ListItem","position":2,"name":"RODO"}]},{"@type":"WebSite","@id":"https:\/\/hosaja.pl\/#website","url":"https:\/\/hosaja.pl\/","name":"Biuro Rachunkowe HOSAJA Pawe\u0142 Hosaja","description":"","potentialAction":[{"@type":"SearchAction","target":{"@type":"EntryPoint","urlTemplate":"https:\/\/hosaja.pl\/?s={search_term_string}"},"query-input":{"@type":"PropertyValueSpecification","valueRequired":true,"valueName":"search_term_string"}}],"inLanguage":"pl-PL"}]}},"_links":{"self":[{"href":"https:\/\/hosaja.pl\/index.php\/wp-json\/wp\/v2\/pages\/113","targetHints":{"allow":["GET"]}}],"collection":[{"href":"https:\/\/hosaja.pl\/index.php\/wp-json\/wp\/v2\/pages"}],"about":[{"href":"https:\/\/hosaja.pl\/index.php\/wp-json\/wp\/v2\/types\/page"}],"author":[{"embeddable":true,"href":"https:\/\/hosaja.pl\/index.php\/wp-json\/wp\/v2\/users\/1"}],"replies":[{"embeddable":true,"href":"https:\/\/hosaja.pl\/index.php\/wp-json\/wp\/v2\/comments?post=113"}],"version-history":[{"count":4,"href":"https:\/\/hosaja.pl\/index.php\/wp-json\/wp\/v2\/pages\/113\/revisions"}],"predecessor-version":[{"id":158,"href":"https:\/\/hosaja.pl\/index.php\/wp-json\/wp\/v2\/pages\/113\/revisions\/158"}],"wp:attachment":[{"href":"https:\/\/hosaja.pl\/index.php\/wp-json\/wp\/v2\/media?parent=113"}],"curies":[{"name":"wp","href":"https:\/\/api.w.org\/{rel}","templated":true}]}}